{"id":104,"date":"2016-10-13T20:17:42","date_gmt":"2016-10-13T18:17:42","guid":{"rendered":"http:\/\/j-vet.cz\/home\/"},"modified":"2018-12-19T19:51:12","modified_gmt":"2018-12-19T18:51:12","slug":"home","status":"publish","type":"page","link":"https:\/\/j-vet.cz\/en\/","title":{"rendered":"Home"},"content":{"rendered":"<h2>DISCOVER YOUR VETERINARY CLINIC <\/h2>\n<h2>JI\u010c\u00cdNSK\u00c1 47<\/h2>\n<p>Veterinary clinic Ji\u010d\u00ednsk\u00e1 47 is here for you and yours pets friends. In the section contacts, you can find every important number and possibility through which you can reach us.<br \/>\nWe emphasize to the friendly and professional approch, as well as educate and innovate instrumentation. Most of examination, we are able to do in our clinic.<br \/>\nAlso, you can hospitalized your pets in our clinic. We are offer to you alternative medicinal technic \u2013 eg. nature medicine and a holistic approach to the patient. We treat dogs and cats with stem cells at unbeatable prices. We also organize trips to the clients home. We piecing diets for patients directly to mesuary. For cancer patients, we put together at the workplace chemotherapy protocols. We work with specialists and top laboratories.\n<\/p>\n<h4>Complete care<\/h4>\n<h4>7 days a week<\/h4>\n<h4>The latest treatments<\/h4>\n<h4>Fair and sensitive approach<\/h4>\n<h4>HomeVet (Vet on Call) service<\/h4>\n<h4>Nutrition and pet sitting service<\/h4>\n<h4>Stem cells therapy<\/h4>\n<h3>\n\t\t\t\tNews<br \/>\n\t\t\t<\/h3>\n<p>We use facebook to keep in touch with our valuable clients. You can find there the latest news from clinics, including changes in opening hours during holidays. We also share interesting articles for pet owners, such as nutrition and raising tips, latest medical remarkablenesses. We will be very happy if you follow us on<a href=\"https:\/\/www.facebook.com\/Veterin%C3%A1rn%C3%AD-klinika-Homevet-Ji%C4%8D%C3%ADnsk%C3%A1-781639218572071\/\" target=\"_blank\" rel=\"noopener\">\u00a0facebook.<\/a><\/p>\n<h3>\n\t\t\t\tOur team<br \/>\n\t\t\t<\/h3>\n<h2>\n\t\t\t\tWE LOVE<br \/>\n\t\t\t<\/h2>\n<h2>\n\t\t\t\tOUR JOB<br \/>\n\t\t\t<\/h2>\n<p>We love working with animals and treating our clients. Therefore, do not hesitate to contact us even with the slightest problem, we will be glad to take care of you. We look forward to you!<\/p>\n<p>\u00a0<\/p>\n<p>\t\t\t\t<img loading=\"lazy\" decoding=\"async\" src=\"http:\/\/j-vet.cz\/assets\/uploads\/sites\/721\/2018\/01\/de6d4f_879aff6b6b234c478d374a09edb288e3-mv2.jpg\" alt=\"Na veterin\u00e1rn\u00ed klinice Ji\u010d\u00ednsk\u00e1 47, Praha 3 o\u0161et\u0159ujeme v\u0161echny mazl\u00ed\u010dky, jako by byly na\u0161i vlastn\u00ed.\" height=\"336\" width=\"504\" title=\"de6d4f_879aff6b6b234c478d374a09edb288e3-mv2\" \/><br \/>\n\t\t\t\t<img decoding=\"async\" src=\"http:\/\/j-vet.cz\/assets\/uploads\/sites\/721\/2018\/01\/de6d4f_fe08e6cdc62b4010b39e88bdf5eb07b4-mv2.jpg\" alt=\"MVDr. Marta Kvas\u0148ovsk\u00e1 Koudelkov\u00e1, majitelka veterin\u00e1rn\u00ed kliniky Ji\u010d\u00ednsk\u00e1 47, Praha 3\" \/><\/p>\n<h5>Veterinary doctor, clinic owner<\/h5>\n<h3>MVDr. Marta Kvas\u0148ovsk\u00e1 Koudelkov\u00e1<\/h3>\n<p>Focus on: General veterinary doctor with 7 years experience in veterinary medicine for dogs and cats, specializing in nutritional counseling dogs and cats and compiling diets, therapy using stem cells.<\/p>\n<p>\t\t\t\t<img decoding=\"async\" src=\"http:\/\/j-vet.cz\/assets\/uploads\/sites\/721\/2018\/01\/diana-halaszova.jpg\" alt=\"MVDr. Diana Halaszov\u00e1, hostuj\u00edc\u00ed veterin\u00e1rn\u00ed l\u00e9ka\u0159ka veterin\u00e1rn\u00ed kliniky Ji\u010d\u00ednsk\u00e1 47, Praha 3\" \/><\/p>\n<h5>Veterinary doctor<\/h5>\n<h3>MVDr. Diana Hal\u00e1szov\u00e1<\/h3>\n<p>Experienced veterinary doctor, owner and leading doctor at Centralvet clinic.<\/p>\n<p>\t\t\t\t<img decoding=\"async\" src=\"http:\/\/j-vet.cz\/assets\/uploads\/sites\/721\/2018\/01\/ivan-gabal.png\" alt=\"MVDr. Ivan Gabal, veterin\u00e1rn\u00ed l\u00e9ka\u0159 veterin\u00e1rn\u00ed kliniky Ji\u010d\u00ednsk\u00e1 47, Praha 3\" \/><\/p>\n<h5>Veterinary doctor<\/h5>\n<h3>MVDr. Ivan Gaba\u013e<\/h3>\n<p>Experienced general veterinary doctor. Ensures for our clinic trips to the patients home.<\/p>\n<p>\t\t\t\t<img decoding=\"async\" src=\"http:\/\/j-vet.cz\/assets\/uploads\/sites\/721\/2018\/01\/eva-tresnakova.jpg\" alt=\"MVDr. Eva T\u0159e\u0161\u0148\u00e1kov\u00e1, veterin\u00e1rn\u00ed l\u00e9ka\u0159ka veterin\u00e1rn\u00ed kliniky Ji\u010d\u00ednsk\u00e1 47, Praha 3\" \/><\/p>\n<h5>Veterinary doctor<\/h5>\n<h3>MVDr. Eva T\u0159e\u0161\u0148\u00e1kov\u00e1<\/h3>\n<p>Focus on: General veterinary doctor with 5 years of experience, specializing in endocrinology in dogs and cats.<\/p>\n<p>\t\t\t\t<img decoding=\"async\" src=\"http:\/\/j-vet.cz\/assets\/uploads\/sites\/721\/2018\/01\/natalia-mazurova.jpg\" alt=\"MVDr. Nat\u00e1lia Maz\u00farov\u00e1, veterin\u00e1rn\u00ed l\u00e9ka\u0159ka veterin\u00e1rn\u00ed kliniky Ji\u010d\u00ednsk\u00e1 47, Praha 3\" \/><\/p>\n<h5>Veterinary doctor<\/h5>\n<h3>MVDr. Nat\u00e1lia Maz\u00farov\u00e1<\/h3>\n<p>Experienced emergency doctor.<\/p>\n<p>\t\t\t\t<img decoding=\"async\" src=\"http:\/\/j-vet.cz\/assets\/uploads\/sites\/721\/2018\/01\/zuzana-haasova.jpg\" alt=\"MVDr. Zuzana Haasov\u00e1, veterin\u00e1rn\u00ed l\u00e9ka\u0159ka veterin\u00e1rn\u00ed kliniky Ji\u010d\u00ednsk\u00e1 47, Praha 3\" \/><\/p>\n<h5>Veterinary doctor<\/h5>\n<h3>MVDr. Zuzana Haasov\u00e1<\/h3>\n<p>General veterinary doctor with 5 years experience. Focused on internal diseases of dogs and cats, works in science and research.<\/p>\n<h3>\n\t\t\t\tOur services<br \/>\n\t\t\t<\/h3>\n<h2>\n\t\t\t\tFROM PREVENTION<br \/>\n\t\t\t<\/h2>\n<h2>\n\t\t\t\tTO SURGERY<br \/>\n\t\t\t<\/h2>\n<p><strong>We know that you simply want the best for your animal friend. We will always do our best to be your lifetime veterinary partner. We have both experienced team and professional equipment to treat your pet according to latest industry knowledge.\u00a0<\/strong><\/p>\n<p>We emphasize to the friendly and professional approch, as well as educate and innovate instrumentation. Most of examination, we are able to do in our clinic. Also, you can hospitalized your pets in our clinic.<\/p>\n<p>We are offer to you alternative medicinal technic \u2013 eg. nature medicine and a holistic approach to the patient. We treat dogs and cats with stem cells at unbeatable prices. We also organize trips to the clients home. We piecing diets for patients directly to mesuary. For cancer patients, we put together at the workplace chemotherapy protocols. We work with specialists and top laboratories.<\/p>\n<p>advisory and consulting services<\/p>\n<p>preventive care<\/p>\n<p>vaccination of dogs, cats, ferrets, rabbits<\/p>\n<p>chipped dogs, cats and other animals, according to the applicable ISO standards<\/p>\n<p>International exposure Europass for dogs, cats, ferrets<\/p>\n<p>shortening claws, teeth, beaks<\/p>\n<p>vaccinations and deworming<\/p>\n<p>cleaning ears<\/p>\n<p>preventive preoperative blood tests<\/p>\n<p>treatment of anal glands<\/p>\n<p>examination of the animals that wounded human<\/p>\n<p>examination of the animals before the show, competitions and trips abroad<\/p>\n<p>nutritional counseling, diet preparation for healthy and sick patients to their measure (Dr. Koudelkov\u00e1)<\/p>\n<p><strong>The program for screening blood<\/strong><\/p>\n<p>complete biochemical and hematological blood tests<\/p>\n<p>serological blood tests for diseases transmitted by ticks and biting insects (Lyme disease, anaplasmosis, ehrlichiosis and dirofilariasis)<\/p>\n<p>serological blood test for infectious diseases in cats (FIV, FeLV, FIP)<\/p>\n<p>tests for T4 (thyroid &#8211; hypothyroidism or hyperthyroidism dogs, cats), cortisol (Cushing&#8217;s Syndrome)<\/p>\n<p>geriatric patient test- early diagnosis of kidney disease in the 1st and 2nd stage before the development of azotemia in the blood using the ratio of protein and urine creatinine<\/p>\n<p>in patients with recurrent diarrhea &#8211; serological determination CPL (specific pancreatic. lipase) with 93% sensitivity to detect pancreatic diseases<\/p>\n<p><strong>Therapeutic and diagnostic health care<\/strong><\/p>\n<p>Dermatology (microscopic diagnosis of skin scrapings, diagnosis of inflammation of the skin, parasites, treatment of atopy, imprinting preparations, mycological cultivation, cytology and histopathology)<\/p>\n<p>dentistry (removal of tartar with ultrasound, tooth extraction)<\/p>\n<p>Gynecology and Obstetrics (ultrasound pregnancy diagnosis, monitoring pregnancy and antenatal care consultations, labor management, termination of unwanted pregnancy, vaginal cytology, determining the levels of progesterone and estrogen, birth and postnatal care and the patient&#8217;s home, pyometra surgery, etc.)<\/p>\n<p>urology (ultrasound of the urinary system, urine treatment of disease. organs, prevention and treatment of urinary stones &#8211; urine test application of stem cells in cats with chronic renal failure)<\/p>\n<p>Endocrinology (diagnosis and treatment of diabetes mellitus, thyroid disease, adrenal gland)<\/p>\n<p>X-ray &#8211; for suspected fractures, diseases of the thoracic and abdominal cavities<\/p>\n<p>sonographic examination &#8211; abdominal cavity (liver, spleen, kidneys, intestines, bladder), thoracic cavity (the presence of effusion etc.). We investigate the compact ultrasound device with high-end touchscreen SonoScape S20.<\/p>\n<p>Cytology &#8211; examination of swabs from the ear, skin formations (resolution of tumor and non-tumor etiology), effusion in the abdomen and chest cavity, vaginal cytology, examination of uric, sediment, blood smears on suspicion of blood parasites and cancer of the blood). Since October 2015, we use a completely new microscope Euromex for the best resolution.<\/p>\n<p>Cancer diagnosis and therapy. Chemotherapeutic protocols write for us oncology specialist MVDr. Mgr. Kate\u0159ina Hor\u00e1\u010dkov\u00e1<\/p>\n<p>gastroenterology (diagnosis and treatment of diseases of the stomach and intestines)<\/p>\n<p>Diagnosis and treatment of liver diseases (in cooperation with specialists MVDr. Fiala and MVDr. Alex)<\/p>\n<p>Diagnosis of heart disease<\/p>\n<p>donations and blood tests (complete blood count and its interpretation)<\/p>\n<p>Sampling and examination of bone marrow (Mvdr. Koudelkov\u00e1)<\/p>\n<p><strong>Stem cell treatments<\/strong><\/p>\n<p><strong>Surgical health care<\/strong><\/p>\n<p>sedation and anesthesia (local, total)<\/p>\n<p>pain relief<\/p>\n<p>soft tissue surgery (castration, cesarean section, gastric torsion, enterotomy, enterektomie, exploratory laparotomy hernias (umbilical, inguinal, perineal), operational solutions neoplasms, acute conditions, injuries, plastic surgery, tumor removal dairy bar, etc.).<\/p>\n<p>Eye Surgery (ectropion, entropion, sculpture third eyelid, treatment of erosion and ulceration of the cornea &#8211; Flap, patency of tear ducts, enucleation, evisceration of the globe, exenteration of the orbit)<\/p>\n<p>Ear surgery (ablation of the ear canal, ear canal resection, othematomy (?))<\/p>\n<p><strong>Acute medicine<\/strong><\/p>\n<p>investigation in the collapse, poisonings, injuries, epileptic seizures and other life-threatening conditions<\/p>\n<h3>\n\t\t\t\tTestimonials<br \/>\n\t\t\t<\/h3>\n<h2>\n\t\t\t\tWE DO OUR BEST<br \/>\n\t\t\t<\/h2>\n<h2>\n\t\t\t\tFOR YOUR SATISFACTION<br \/>\n\t\t\t<\/h2>\n<p><strong>Every day we wake up and go to sleep thinking about veterinary and our patients. Veterinary is not just a job, it is more than that, it\u00b4s our life mission. If you were satisfied or if you think we could have done better, please let us know, personally, by telephone or email. Your feedback helps us to improve our services. We strive to be the best! It\u00b4s not about one-time earnings, it\u00b4s about lifetime relationship.<\/strong><\/p>\n<p>Dobr\u00fd den, pan\u00ed doktorko, nev\u00edm, jak jste to ud\u011blala, ale m\u00e1me doma vesel\u00e9ho psa, kter\u00fd sk\u00e1\u010de po schodech jako kon\u00edk :-)). Necht\u011bla byste vykultivovat kmenov\u00e9 bu\u0148ky i pro m\u011b?<\/p>\n<h3 class='uabb-testimonial-author-name testimonial-author-name'>Lucie<\/h3>\n<p>Cht\u011bl velmi srde\u010dn\u011b pod\u011bkovat za n\u00e1v\u0161t\u011bvu Va\u0161\u00ed z\u00e1stupkyn\u011b. Byla velmi profesion\u00e1ln\u00ed, zdvo\u0159il\u00e1 a ochotn\u00e1, a vysv\u011btlila mi v\u0161echny m\u00e9 pochybnosti o zdravotn\u00edm stavu psa. Je to velmi profesion\u00e1ln\u00ed \u010dlov\u011bk a bylo mi pot\u011b\u0161en\u00edm v\u011bd\u011bt, \u017ee usiluje o mojeho nemocn\u00e9ho psa. Budu v\u017edycky nav\u0161t\u011bvovat Va\u0161i kliniku v r\u00e1mci pod\u011bkov\u00e1n\u00ed a vd\u011b\u010dnosti za podporu a jej\u00ed n\u00e1v\u0161t\u011bvu. P\u0159eji kr\u00e1sn\u00fd den!<\/p>\n<h3 class='uabb-testimonial-author-name testimonial-author-name'>Piotr<\/h3>\n<p>Cht\u011bla bych pod\u011bkovat pan\u00ed doktorce, kter\u00e1 m\u011bla slu\u017eby v ned\u011bli, za rychl\u00e9 o\u0161et\u0159en\u00ed na\u0161eho kocourka, kter\u00fd m\u011bl k\u0159e\u010de a byl nezvladateln\u00fd z d\u016fvodu neurologick\u00fdch pot\u00ed\u017e\u00ed, jak p. doktorka spr\u00e1vn\u011b odhadla a pozd\u011bji se potvrdilo. Doporu\u010dila n\u00e1s na kliniku, kde byl 4 dny. Dnes u\u017e je doma u\u017e\u00edv\u00e1 l\u00e9ky na epilepsii a pomalu se d\u00e1v\u00e1 do klidu. P\u0159eji hodn\u011b \u00fasp\u011bchu a radosti.<\/p>\n<h3 class='uabb-testimonial-author-name testimonial-author-name'>Jaroslava<\/h3>\n<p>I am relocating from the United States and had been searching for a Veterinary Clinic that could not only ubderstand english, but also understand my pets. I found this great place, and they were not only very easy to work with, but very skilled in their knowledge and practice, and available even in odd hours. This took away one of my main concerns about what to do if my dog becomes ill and was not sure where to go\u2026.this is the place, and worth a visit even if not close by, as it is easy to find.<\/p>\n<h3 class='uabb-testimonial-author-name testimonial-author-name'>Mark<\/h3>\n<p>Maxim\u00e1ln\u00ed spokojenost, v\u0161ichni veterin\u00e1\u0159i jsou \u00fa\u017easn\u00ed.<\/p>\n<h3 class='uabb-testimonial-author-name testimonial-author-name'>Simona<\/h3>\n<p>S touto klinikou jsem velice spokojena. Pracuj\u00ed zde mil\u00ed a p\u0159\u00edjemn\u00ed lid\u00e9, kte\u0159\u00ed um\u011bj\u00ed vyj\u00edt vst\u0159\u00edc m\u00fdm po\u017eadavk\u016fm.<\/p>\n<h3 class='uabb-testimonial-author-name testimonial-author-name'>Krist\u00fdna<\/h3>\n<p>Pr\u00e1v\u011b zde sed\u00edm ji\u017e po druh\u00e9 po p\u00e1r letech u kotce sv\u00e9ho pejska,kter\u00fd je op\u011bt na kapa\u010dk\u00e1ch a kter\u00e9ho n\u00e1m stejn\u011b jako minule velmi ochotn\u00fd a pe\u010dliv\u00fd person\u00e1l pom\u00e1h\u00e1 zachra\u0148ovat.Budeme doufat,\u017ee i tentokr\u00e1t \u00fasp\u011b\u0161n\u011b.D\u00edky<\/p>\n<h3 class='uabb-testimonial-author-name testimonial-author-name'>Adriana<\/h3>\n<p>Tento v\u00edkend jsem byla na t\u00e9to klinice poprv\u00e9, kdy\u017e mi moje ko\u010di\u010dka s FUS p\u0159estala \u010durat a n\u00e1\u0161 vet u\u017e v ordinaci nebyl. (\u2026) Prost\u0159ed\u00ed velmi p\u0159\u00edjemn\u00e9, p\u00e9\u010de vynikaj\u00edc\u00ed, vst\u0159\u00edcnost, mil\u00e1 pan\u00ed doktorka i sest\u0159i\u010dky\u2026Moje ko\u010dinka, kter\u00e1 byla u p\u0159edchoz\u00edho veterin\u00e1\u0159e t\u00e9m\u011b\u0159 neo\u0161et\u0159iteln\u00e1, byla \u00fapln\u011b v pohod\u011b, po v\u00fdkonu \u017e\u00e1dn\u00e9 dramatick\u00e9 probouzen\u00ed z nark\u00f3zy ani zvracen\u00ed. Mimochodem ani ceny nejsou n\u011bjak z\u00e1vratn\u00e9, dokonce n\u00e1s to p\u0159i\u0161lo levn\u011bji ne\u017e v p\u0159edchoz\u00ed ordinaci, a\u010dkoliv byla sobota ve\u010der. Byla jsem velmi spokojen\u00e1 a jinam u\u017e nechci ani kdybych m\u011bla jezdit p\u0159es celou Prahu. Doporu\u010duji.<\/p>\n<h3 class='uabb-testimonial-author-name testimonial-author-name'>Iva<\/h3>\n<h3>\n\t\t\t\tContact<br \/>\n\t\t\t<\/h3>\n<h2>\t\tWE LOOK FORWARD<br \/>\n\t\tTO YOU<br \/>\n\t<\/h2>\n<p><strong>The clinic is located at Ji\u010d\u00ednsk\u00e1 47, Praha 3. We are near metro station Fl\u00f3ra and Ol\u0161ansk\u00e9 n\u00e1m\u011bst\u00ed square. You can conveniently reach us both by public transportion and by car. A parking place is available for our clients.<\/strong><\/p>\n<p>Mo \u2013 Fri: 8 \u2013 12, 15 \u2013 22<br \/>\nSa \u2013 Su: 11 \u2013 22<\/p>\n<p>From 20 to 22h we provide emergency service reserved for treating acute conditions (injury, childbirth, bleeding, life-threatening conditions of the animal). At this time we are available on phone with 15 min arrival time to the clinics. We charge emergency surcharge of 400 CZK.<\/p>\n<p>We will be happy to visit your pet at your home. Please make an appointment via\u00a0<a href=\"http:\/\/www.homevet.cz\" target=\"_blank\" rel=\"noopener\">www.homevet.cz<\/a>.<\/p>\n<h3>ADRESS<\/h3>\n<p>Ji\u010d\u00ednsk\u00e1 47, Praha 3<br \/>(near Fl\u00f3ra and Ol\u0161ansk\u00e9 n\u00e1m. square)<\/p>\n<h3>PHONE<\/h3>\n<p>+420 777 469 530<\/p>\n<h3>EMAIL<\/h3>\n<p>info@j-vet.cz<\/p>\n","protected":false},"excerpt":{"rendered":"<p>DISCOVER YOUR VETERINARY CLINIC JI\u010c\u00cdNSK\u00c1 47 Veterinary clinic Ji\u010d\u00ednsk\u00e1 47 is here for you and yours pets friends. In the section contacts, you can find every important number and possibility through which you can reach us. We emphasize to the friendly and professional approch, as well as educate and innovate instrumentation. Most of examination, we&hellip;<\/p>\n","protected":false},"author":1,"featured_media":0,"parent":0,"menu_order":0,"comment_status":"closed","ping_status":"open","template":"","meta":{"footnotes":""},"class_list":["post-104","page","type-page","status-publish","hentry"],"yoast_head":"<title>Veterin\u00e1rn\u00ed klinika Ji\u010d\u00ednsk\u00e1 47 Praha 3<\/title>\n<meta name=\"description\" content=\"Na veterin\u00e1rn\u00ed klinice Ji\u010d\u00ednsk\u00e1 47, Praha 3 o\u0161et\u0159ujeme ka\u017ed\u00e9ho mazl\u00ed\u010dka, jako by byl n\u00e1\u0161 vlastn\u00ed. Jsme referen\u010dn\u00edm pracovi\u0161t\u011bm pro l\u00e9\u010dbu kmenov\u00fdmi bu\u0148kami, prov\u00e1d\u00edme preventivn\u00ed i terapeutick\u00e9 chirurgick\u00e9 z\u00e1kroky s nejmodern\u011bj\u0161\u00edm vybaven\u00edm, v\u010detn\u011b inhala\u010dn\u00ed anestezie. Vyj\u00ed\u017ed\u00edme za pacienty dom\u016f, zab\u00fdv\u00e1me se v\u00fd\u017eivou.\" \/>\n<meta name=\"robots\" content=\"index, follow, max-snippet:-1, max-image-preview:large, max-video-preview:-1\" \/>\n<link rel=\"canonical\" href=\"https:\/\/j-vet.cz\/en\/\" \/>\n<meta property=\"og:locale\" content=\"en_US\" \/>\n<meta property=\"og:type\" content=\"article\" \/>\n<meta property=\"og:title\" content=\"Veterin\u00e1rn\u00ed klinika Ji\u010d\u00ednsk\u00e1 47, Praha 3\" \/>\n<meta property=\"og:description\" content=\"Na veterin\u00e1rn\u00ed klinice Ji\u010d\u00ednsk\u00e1 47, Praha 3 o\u0161et\u0159ujeme ka\u017ed\u00e9ho mazl\u00ed\u010dka, jako by byl n\u00e1\u0161 vlastn\u00ed. Jsme referen\u010dn\u00edm pracovi\u0161t\u011bm pro l\u00e9\u010dbu kmenov\u00fdmi bu\u0148kami, prov\u00e1d\u00edme preventivn\u00ed i terapeutick\u00e9 chirurgick\u00e9 z\u00e1kroky s nejmodern\u011bj\u0161\u00edm vybaven\u00edm, v\u010detn\u011b inhala\u010dn\u00ed anestezie. Vyj\u00ed\u017ed\u00edme za pacienty dom\u016f, zab\u00fdv\u00e1me se v\u00fd\u017eivou.\" \/>\n<meta property=\"og:url\" content=\"https:\/\/j-vet.cz\/en\/\" \/>\n<meta property=\"og:site_name\" content=\"J-Vet - Veterina Ji\u010d\u00ednsk\u00e1 47, Praha 3\" \/>\n<meta property=\"article:modified_time\" content=\"2018-12-19T18:51:12+00:00\" \/>\n<meta property=\"og:image\" content=\"http:\/\/j-vet.cz\/assets\/uploads\/sites\/721\/2018\/01\/de6d4f_879aff6b6b234c478d374a09edb288e3-mv2.jpg\" \/>\n<meta name=\"twitter:card\" content=\"summary_large_image\" \/>\n<meta name=\"twitter:label1\" content=\"Est. reading time\" \/>\n\t<meta name=\"twitter:data1\" content=\"9 minutes\" \/>\n<script type=\"application\/ld+json\" class=\"yoast-schema-graph\">{\"@context\":\"https:\/\/schema.org\",\"@graph\":[{\"@type\":\"WebPage\",\"@id\":\"https:\/\/j-vet.cz\/en\/\",\"url\":\"https:\/\/j-vet.cz\/en\/\",\"name\":\"Veterin\u00e1rn\u00ed klinika Ji\u010d\u00ednsk\u00e1 47 Praha 3\",\"isPartOf\":{\"@id\":\"https:\/\/j-vet.cz\/#website\"},\"datePublished\":\"2016-10-13T18:17:42+00:00\",\"dateModified\":\"2018-12-19T18:51:12+00:00\",\"description\":\"Na veterin\u00e1rn\u00ed klinice Ji\u010d\u00ednsk\u00e1 47, Praha 3 o\u0161et\u0159ujeme ka\u017ed\u00e9ho mazl\u00ed\u010dka, jako by byl n\u00e1\u0161 vlastn\u00ed. Jsme referen\u010dn\u00edm pracovi\u0161t\u011bm pro l\u00e9\u010dbu kmenov\u00fdmi bu\u0148kami, prov\u00e1d\u00edme preventivn\u00ed i terapeutick\u00e9 chirurgick\u00e9 z\u00e1kroky s nejmodern\u011bj\u0161\u00edm vybaven\u00edm, v\u010detn\u011b inhala\u010dn\u00ed anestezie. Vyj\u00ed\u017ed\u00edme za pacienty dom\u016f, zab\u00fdv\u00e1me se v\u00fd\u017eivou.\",\"breadcrumb\":{\"@id\":\"https:\/\/j-vet.cz\/en\/#breadcrumb\"},\"inLanguage\":\"en-US\",\"potentialAction\":[{\"@type\":\"ReadAction\",\"target\":[\"https:\/\/j-vet.cz\/en\/\"]}]},{\"@type\":\"BreadcrumbList\",\"@id\":\"https:\/\/j-vet.cz\/en\/#breadcrumb\",\"itemListElement\":[{\"@type\":\"ListItem\",\"position\":1,\"name\":\"Dom\u016f\",\"item\":\"https:\/\/j-vet.cz\/en\/\"},{\"@type\":\"ListItem\",\"position\":2,\"name\":\"Home\"}]},{\"@type\":\"WebSite\",\"@id\":\"https:\/\/j-vet.cz\/#website\",\"url\":\"https:\/\/j-vet.cz\/\",\"name\":\"J-Vet - Veterina Ji\u010d\u00ednsk\u00e1 47, Praha 3\",\"description\":\"J-Vet veterin\u00e1rn\u00ed klinika Ji\u010d\u00ednsk\u00e1 47, Praha 3 je modern\u00ed veterinou v centru Prahy\",\"potentialAction\":[{\"@type\":\"SearchAction\",\"target\":{\"@type\":\"EntryPoint\",\"urlTemplate\":\"https:\/\/j-vet.cz\/?s={search_term_string}\"},\"query-input\":\"required name=search_term_string\"}],\"inLanguage\":\"en-US\"}]}<\/script>","yoast_head_json":{"title":"Veterin\u00e1rn\u00ed klinika Ji\u010d\u00ednsk\u00e1 47 Praha 3","description":"Na veterin\u00e1rn\u00ed klinice Ji\u010d\u00ednsk\u00e1 47, Praha 3 o\u0161et\u0159ujeme ka\u017ed\u00e9ho mazl\u00ed\u010dka, jako by byl n\u00e1\u0161 vlastn\u00ed. Jsme referen\u010dn\u00edm pracovi\u0161t\u011bm pro l\u00e9\u010dbu kmenov\u00fdmi bu\u0148kami, prov\u00e1d\u00edme preventivn\u00ed i terapeutick\u00e9 chirurgick\u00e9 z\u00e1kroky s nejmodern\u011bj\u0161\u00edm vybaven\u00edm, v\u010detn\u011b inhala\u010dn\u00ed anestezie. Vyj\u00ed\u017ed\u00edme za pacienty dom\u016f, zab\u00fdv\u00e1me se v\u00fd\u017eivou.","robots":{"index":"index","follow":"follow","max-snippet":"max-snippet:-1","max-image-preview":"max-image-preview:large","max-video-preview":"max-video-preview:-1"},"canonical":"https:\/\/j-vet.cz\/en\/","og_locale":"en_US","og_type":"article","og_title":"Veterin\u00e1rn\u00ed klinika Ji\u010d\u00ednsk\u00e1 47, Praha 3","og_description":"Na veterin\u00e1rn\u00ed klinice Ji\u010d\u00ednsk\u00e1 47, Praha 3 o\u0161et\u0159ujeme ka\u017ed\u00e9ho mazl\u00ed\u010dka, jako by byl n\u00e1\u0161 vlastn\u00ed. Jsme referen\u010dn\u00edm pracovi\u0161t\u011bm pro l\u00e9\u010dbu kmenov\u00fdmi bu\u0148kami, prov\u00e1d\u00edme preventivn\u00ed i terapeutick\u00e9 chirurgick\u00e9 z\u00e1kroky s nejmodern\u011bj\u0161\u00edm vybaven\u00edm, v\u010detn\u011b inhala\u010dn\u00ed anestezie. Vyj\u00ed\u017ed\u00edme za pacienty dom\u016f, zab\u00fdv\u00e1me se v\u00fd\u017eivou.","og_url":"https:\/\/j-vet.cz\/en\/","og_site_name":"J-Vet - Veterina Ji\u010d\u00ednsk\u00e1 47, Praha 3","article_modified_time":"2018-12-19T18:51:12+00:00","og_image":[{"url":"http:\/\/j-vet.cz\/assets\/uploads\/sites\/721\/2018\/01\/de6d4f_879aff6b6b234c478d374a09edb288e3-mv2.jpg"}],"twitter_card":"summary_large_image","twitter_misc":{"Est. reading time":"9 minutes"},"schema":{"@context":"https:\/\/schema.org","@graph":[{"@type":"WebPage","@id":"https:\/\/j-vet.cz\/en\/","url":"https:\/\/j-vet.cz\/en\/","name":"Veterin\u00e1rn\u00ed klinika Ji\u010d\u00ednsk\u00e1 47 Praha 3","isPartOf":{"@id":"https:\/\/j-vet.cz\/#website"},"datePublished":"2016-10-13T18:17:42+00:00","dateModified":"2018-12-19T18:51:12+00:00","description":"Na veterin\u00e1rn\u00ed klinice Ji\u010d\u00ednsk\u00e1 47, Praha 3 o\u0161et\u0159ujeme ka\u017ed\u00e9ho mazl\u00ed\u010dka, jako by byl n\u00e1\u0161 vlastn\u00ed. Jsme referen\u010dn\u00edm pracovi\u0161t\u011bm pro l\u00e9\u010dbu kmenov\u00fdmi bu\u0148kami, prov\u00e1d\u00edme preventivn\u00ed i terapeutick\u00e9 chirurgick\u00e9 z\u00e1kroky s nejmodern\u011bj\u0161\u00edm vybaven\u00edm, v\u010detn\u011b inhala\u010dn\u00ed anestezie. Vyj\u00ed\u017ed\u00edme za pacienty dom\u016f, zab\u00fdv\u00e1me se v\u00fd\u017eivou.","breadcrumb":{"@id":"https:\/\/j-vet.cz\/en\/#breadcrumb"},"inLanguage":"en-US","potentialAction":[{"@type":"ReadAction","target":["https:\/\/j-vet.cz\/en\/"]}]},{"@type":"BreadcrumbList","@id":"https:\/\/j-vet.cz\/en\/#breadcrumb","itemListElement":[{"@type":"ListItem","position":1,"name":"Dom\u016f","item":"https:\/\/j-vet.cz\/en\/"},{"@type":"ListItem","position":2,"name":"Home"}]},{"@type":"WebSite","@id":"https:\/\/j-vet.cz\/#website","url":"https:\/\/j-vet.cz\/","name":"J-Vet - Veterina Ji\u010d\u00ednsk\u00e1 47, Praha 3","description":"J-Vet veterin\u00e1rn\u00ed klinika Ji\u010d\u00ednsk\u00e1 47, Praha 3 je modern\u00ed veterinou v centru Prahy","potentialAction":[{"@type":"SearchAction","target":{"@type":"EntryPoint","urlTemplate":"https:\/\/j-vet.cz\/?s={search_term_string}"},"query-input":"required name=search_term_string"}],"inLanguage":"en-US"}]}},"_links":{"self":[{"href":"https:\/\/j-vet.cz\/en\/wp-json\/wp\/v2\/pages\/104","targetHints":{"allow":["GET"]}}],"collection":[{"href":"https:\/\/j-vet.cz\/en\/wp-json\/wp\/v2\/pages"}],"about":[{"href":"https:\/\/j-vet.cz\/en\/wp-json\/wp\/v2\/types\/page"}],"author":[{"embeddable":true,"href":"https:\/\/j-vet.cz\/en\/wp-json\/wp\/v2\/users\/1"}],"replies":[{"embeddable":true,"href":"https:\/\/j-vet.cz\/en\/wp-json\/wp\/v2\/comments?post=104"}],"version-history":[{"count":7,"href":"https:\/\/j-vet.cz\/en\/wp-json\/wp\/v2\/pages\/104\/revisions"}],"predecessor-version":[{"id":194,"href":"https:\/\/j-vet.cz\/en\/wp-json\/wp\/v2\/pages\/104\/revisions\/194"}],"wp:attachment":[{"href":"https:\/\/j-vet.cz\/en\/wp-json\/wp\/v2\/media?parent=104"}],"curies":[{"name":"wp","href":"https:\/\/api.w.org\/{rel}","templated":true}]}}